{"id":347,"date":"2018-11-11T22:41:01","date_gmt":"2018-11-11T21:41:01","guid":{"rendered":"https:\/\/www.maison-vedrenne.com\/chateau-fleur-de-jean-gue\/"},"modified":"2018-11-13T14:12:47","modified_gmt":"2018-11-13T13:12:47","slug":"chateau-fleur-de-jean-gue","status":"publish","type":"page","link":"https:\/\/www.maison-vedrenne.com\/ja\/chateau-fleur-de-jean-gue\/","title":{"rendered":"Chateau Fleur de Jean Gu\u00e9"},"content":{"rendered":"<p>[vc_row unlock_row_content=&#8221;yes&#8221; row_height_percent=&#8221;0&#8243; overlay_alpha=&#8221;50&#8243; gutter_size=&#8221;3&#8243; column_width_percent=&#8221;100&#8243; shift_y=&#8221;0&#8243; z_index=&#8221;0&#8243;][vc_column column_width_percent=&#8221;100&#8243; overlay_alpha=&#8221;50&#8243; gutter_size=&#8221;3&#8243; medium_visibility=&#8221;yes&#8221; medium_width=&#8221;0&#8243; mobile_visibility=&#8221;yes&#8221; mobile_width=&#8221;0&#8243; shift_x=&#8221;0&#8243; shift_y=&#8221;0&#8243; shift_y_down=&#8221;0&#8243; z_index=&#8221;0&#8243; width=&#8221;2\/3&#8243;][vc_gallery el_id=&#8221;gallery-120972&#8243; type=&#8221;justified&#8221; medias=&#8221;144,143,149,267,145,150,147,148&#8243; justify_row_height=&#8221;350&#8243; gutter_size=&#8221;3&#8243; single_overlay_opacity=&#8221;50&#8243; single_padding=&#8221;2&#8243; el_class=&#8221;galerie-page&#8221;][\/vc_column][vc_column column_width_percent=&#8221;100&#8243; style=&#8221;light&#8221; overlay_alpha=&#8221;50&#8243; gutter_size=&#8221;3&#8243; medium_width=&#8221;7&#8243; mobile_width=&#8221;0&#8243; shift_x=&#8221;0&#8243; shift_y=&#8221;0&#8243; shift_y_down=&#8221;0&#8243; z_index=&#8221;0&#8243; width=&#8221;1\/3&#8243;][vc_custom_heading heading_semantic=&#8221;h1&#8243; text_size=&#8221;h3&#8243; text_weight=&#8221;400&#8243; text_transform=&#8221;uppercase&#8221; text_color=&#8221;color-166408&#8243;]Ch\u00e2teau Fleur de Jean Gu\u00e9,<br \/>\nLalande de Pomerol[\/vc_custom_heading][vc_column_text el_class=&#8221;patchwork-page&#8221;]<img loading=\"lazy\" decoding=\"async\" class=\"size-full wp-image-251 alignnone\" src=\"https:\/\/www.maison-vedrenne.com\/wp-content\/uploads\/2018\/11\/chateau-fleur-jean-gue-mobile.jpg\" alt=\"chateau Fleur de Jean Gu\u00e9\" width=\"1121\" height=\"1213\" srcset=\"https:\/\/www.maison-vedrenne.com\/wp-content\/uploads\/2018\/11\/chateau-fleur-jean-gue-mobile.jpg 1121w, https:\/\/www.maison-vedrenne.com\/wp-content\/uploads\/2018\/11\/chateau-fleur-jean-gue-mobile-277x300.jpg 277w, https:\/\/www.maison-vedrenne.com\/wp-content\/uploads\/2018\/11\/chateau-fleur-jean-gue-mobile-768x831.jpg 768w, https:\/\/www.maison-vedrenne.com\/wp-content\/uploads\/2018\/11\/chateau-fleur-jean-gue-mobile-946x1024.jpg 946w\" sizes=\"auto, (max-width: 1121px) 100vw, 1121px\" \/>[\/vc_column_text][vc_column_text el_class=&#8221;satellite&#8221;]Situ\u00e9 \u00e0 quelques pas de la superbe \u00e9glise du XII\u00e8me si\u00e8cle de Lalande de Pomerol, la propri\u00e9t\u00e9 \u00e9tait constitu\u00e9e \u00e0 l\u2019origine <strong>d\u2019une parcelle de deux hectares sur la commune de Lalande de Pomerol<\/strong>.<br \/>\n<strong>Le ch\u00e2teau Fleur de Jean Gu\u00e9 couvre aujourd\u2019hui quatorze hectares<\/strong>, dont huit d\u2019un seul tenant, autour d\u2019un chai moderne et fonctionnel b\u00e2ti en 1992.<br \/>\n<strong>Des pratiques culturales pointues et la perp\u00e9tuelle recherche de qualit\u00e9,<\/strong> tant \u00e0 la vigne qu\u2019au chai, ont fait du Ch\u00e2teau Fleur de Jean Gu\u00e9 l\u2019un des fleurons de l\u2019appellation.<\/p>\n<p><span style=\"color: #1e1e1e;\">Nature du sol<\/span><br \/>\nSablo Graveleux<\/p>\n<p><span style=\"color: #1e1e1e;\">Enc\u00e9pagement<\/span><br \/>\n90 % Merlot<br \/>\n10 % Cabernet Franc<\/p>\n<p><span style=\"color: #1e1e1e;\">Vendanges<\/span><br \/>\nManuelles et m\u00e9caniques<br \/>\n48 hl \/ hectares<\/p>\n<p><span style=\"color: #1e1e1e;\">Vinification<\/span><br \/>\nCuves inox thermo r\u00e9gul\u00e9es<\/p>\n<p><span style=\"color: #1e1e1e;\">Elevage<\/span><br \/>\nBarriques renouvel\u00e9es par 1\/3 chaque ann\u00e9e<\/p>\n<p><span style=\"color: #1e1e1e;\">Mise en bouteilles<\/span><br \/>\nAu Ch\u00e2teau<\/p>\n<p><span style=\"color: #1e1e1e;\">Superficie<\/span><br \/>\n14 Hectares<\/p>\n<p><span style=\"color: #1e1e1e;\">Propri\u00e9taire<\/span><br \/>\nRen\u00e9 Vedrenne[\/vc_column_text][\/vc_column][\/vc_row]<\/p>\n","protected":false},"excerpt":{"rendered":"<p>[vc_row unlock_row_c [&hellip;]<\/p>\n","protected":false},"author":1,"featured_media":0,"parent":0,"menu_order":1,"comment_status":"closed","ping_status":"closed","template":"","meta":{"footnotes":""},"class_list":["post-347","page","type-page","status-publish","hentry"],"_links":{"self":[{"href":"https:\/\/www.maison-vedrenne.com\/ja\/wp-json\/wp\/v2\/pages\/347\/"}],"collection":[{"href":"https:\/\/www.maison-vedrenne.com\/ja\/wp-json\/wp\/v2\/pages\/"}],"about":[{"href":"https:\/\/www.maison-vedrenne.com\/ja\/wp-json\/wp\/v2\/types\/page\/"}],"author":[{"embeddable":true,"href":"https:\/\/www.maison-vedrenne.com\/ja\/wp-json\/wp\/v2\/users\/1\/"}],"replies":[{"embeddable":true,"href":"https:\/\/www.maison-vedrenne.com\/ja\/wp-json\/wp\/v2\/comments\/?post=347"}],"version-history":[{"count":1,"href":"https:\/\/www.maison-vedrenne.com\/ja\/wp-json\/wp\/v2\/pages\/347\/revisions\/"}],"predecessor-version":[{"id":348,"href":"https:\/\/www.maison-vedrenne.com\/ja\/wp-json\/wp\/v2\/pages\/347\/revisions\/348\/"}],"wp:attachment":[{"href":"https:\/\/www.maison-vedrenne.com\/ja\/wp-json\/wp\/v2\/media\/?parent=347"}],"curies":[{"name":"wp","href":"https:\/\/api.w.org\/{rel}","templated":true}]}}