{"id":295,"date":"2018-11-11T19:56:22","date_gmt":"2018-11-11T18:56:22","guid":{"rendered":"https:\/\/www.maison-vedrenne.com\/mas-orluc-couson\/"},"modified":"2018-11-13T14:09:55","modified_gmt":"2018-11-13T13:09:55","slug":"mas-orluc-couson","status":"publish","type":"page","link":"https:\/\/www.maison-vedrenne.com\/en\/mas-orluc-couson\/","title":{"rendered":"Mas-Orluc &#038; Couson"},"content":{"rendered":"<p>[vc_row unlock_row_content=&#8221;yes&#8221; row_height_percent=&#8221;0&#8243; overlay_alpha=&#8221;50&#8243; gutter_size=&#8221;3&#8243; column_width_percent=&#8221;100&#8243; shift_y=&#8221;0&#8243; z_index=&#8221;0&#8243; el_class=&#8221;column-swap&#8221;][vc_column column_width_percent=&#8221;100&#8243; overlay_alpha=&#8221;50&#8243; gutter_size=&#8221;3&#8243; medium_visibility=&#8221;yes&#8221; medium_width=&#8221;0&#8243; mobile_visibility=&#8221;yes&#8221; mobile_width=&#8221;0&#8243; shift_x=&#8221;0&#8243; shift_y=&#8221;0&#8243; shift_y_down=&#8221;0&#8243; z_index=&#8221;0&#8243; width=&#8221;1\/2&#8243;][vc_gallery el_id=&#8221;gallery-120972&#8243; type=&#8221;justified&#8221; medias=&#8221;175,174,177&#8243; justify_row_height=&#8221;250&#8243; gutter_size=&#8221;3&#8243; single_overlay_opacity=&#8221;50&#8243; single_padding=&#8221;2&#8243;][\/vc_column][vc_column column_width_percent=&#8221;100&#8243; style=&#8221;light&#8221; overlay_alpha=&#8221;50&#8243; gutter_size=&#8221;3&#8243; medium_width=&#8221;7&#8243; mobile_width=&#8221;0&#8243; shift_x=&#8221;0&#8243; shift_y=&#8221;0&#8243; shift_y_down=&#8221;0&#8243; z_index=&#8221;0&#8243; width=&#8221;1\/2&#8243;][vc_custom_heading heading_semantic=&#8221;h1&#8243; text_size=&#8221;h3&#8243; text_weight=&#8221;400&#8243; text_transform=&#8221;uppercase&#8221; text_color=&#8221;color-166408&#8243;]Mas-Orluc &amp; Couson[\/vc_custom_heading][vc_column_text el_class=&#8221;patchwork-page&#8221;]<img loading=\"lazy\" decoding=\"async\" class=\"size-full wp-image-261 alignnone\" src=\"https:\/\/www.maison-vedrenne.com\/wp-content\/uploads\/2018\/11\/mas-orluc-couson-mobile.jpg\" alt=\"mas orluc couson\" width=\"1064\" height=\"887\" srcset=\"https:\/\/www.maison-vedrenne.com\/wp-content\/uploads\/2018\/11\/mas-orluc-couson-mobile.jpg 1064w, https:\/\/www.maison-vedrenne.com\/wp-content\/uploads\/2018\/11\/mas-orluc-couson-mobile-300x250.jpg 300w, https:\/\/www.maison-vedrenne.com\/wp-content\/uploads\/2018\/11\/mas-orluc-couson-mobile-768x640.jpg 768w, https:\/\/www.maison-vedrenne.com\/wp-content\/uploads\/2018\/11\/mas-orluc-couson-mobile-1024x854.jpg 1024w\" sizes=\"auto, (max-width: 1064px) 100vw, 1064px\" \/>[\/vc_column_text][vc_column_text el_class=&#8221;satellite&#8221;]Of the three Vedrenne brothers from the commune of Le Jardin in the Corr\u00e8ze who became n\u00e9gociants in the early 20th century, L\u00e9onard was the eldest. He passed on his client base to his son-in-law Jules <strong>Mas<\/strong>.<\/p>\n<p>To distinguish himself from his twin, Joannet, his other brother Firmin traded under his wife&#8217;s name, <strong>Orluc<\/strong>.<\/p>\n<p>Their nephew Ren\u00e9 later took on their respective client bases, along with those of his father, and focused development in the regions of Brittany and Normandy, under the name <strong>Mas-Orluc &amp; Couson<\/strong>.<\/p>\n<p>Since then, this sales network has continued to grow and adapt, whilst remaining true to its original vocation:<\/p>\n<p>Sales to private customers, who are offered a range of carefully selected wines during home tastings and at fairs throughout the country. Every wine shipped from our cellars in Libourne is presented and specially recommended by our sales teams.[\/vc_column_text][\/vc_column][\/vc_row]<\/p>\n","protected":false},"excerpt":{"rendered":"<p>[vc_row unlock_row_content=&#8221;yes&#8221; row_height_percent=&#8221;0&#8243; overlay_alpha=&#8221;50&#8243; gutter_size=&#8221;3&#8243; column_width_percent=&#8221;100&#8243; shift_y=&#8221;0&#8243; z_index=&#8221;0&#8243; el_class=&#8221;column-swap&#8221;][vc_column column_width_percent=&#8221;100&#8243; overlay_alpha=&#8221;50&#8243; gutter_size=&#8221;3&#8243; medium_visibility=&#8221;yes&#8221; medium_width=&#8221;0&#8243; mobile_visibility=&#8221;yes&#8221; mobile_width=&#8221;0&#8243; shift_x=&#8221;0&#8243; shift_y=&#8221;0&#8243; shift_y_down=&#8221;0&#8243; z_index=&#8221;0&#8243; [&hellip;]<\/p>\n","protected":false},"author":1,"featured_media":0,"parent":0,"menu_order":5,"comment_status":"closed","ping_status":"closed","template":"","meta":{"footnotes":""},"class_list":["post-295","page","type-page","status-publish","hentry"],"_links":{"self":[{"href":"https:\/\/www.maison-vedrenne.com\/en\/wp-json\/wp\/v2\/pages\/295\/"}],"collection":[{"href":"https:\/\/www.maison-vedrenne.com\/en\/wp-json\/wp\/v2\/pages\/"}],"about":[{"href":"https:\/\/www.maison-vedrenne.com\/en\/wp-json\/wp\/v2\/types\/page\/"}],"author":[{"embeddable":true,"href":"https:\/\/www.maison-vedrenne.com\/en\/wp-json\/wp\/v2\/users\/1\/"}],"replies":[{"embeddable":true,"href":"https:\/\/www.maison-vedrenne.com\/en\/wp-json\/wp\/v2\/comments\/?post=295"}],"version-history":[{"count":2,"href":"https:\/\/www.maison-vedrenne.com\/en\/wp-json\/wp\/v2\/pages\/295\/revisions\/"}],"predecessor-version":[{"id":518,"href":"https:\/\/www.maison-vedrenne.com\/en\/wp-json\/wp\/v2\/pages\/295\/revisions\/518\/"}],"wp:attachment":[{"href":"https:\/\/www.maison-vedrenne.com\/en\/wp-json\/wp\/v2\/media\/?parent=295"}],"curies":[{"name":"wp","href":"https:\/\/api.w.org\/{rel}","templated":true}]}}