{"id":289,"date":"2018-11-11T19:51:10","date_gmt":"2018-11-11T18:51:10","guid":{"rendered":"https:\/\/www.maison-vedrenne.com\/clos-brun-mazeyres\/"},"modified":"2019-04-05T14:23:17","modified_gmt":"2019-04-05T12:23:17","slug":"clos-brun-mazeyres","status":"publish","type":"page","link":"https:\/\/www.maison-vedrenne.com\/en\/clos-brun-mazeyres\/","title":{"rendered":"Clos Brun Mazeyres"},"content":{"rendered":"<p>[vc_row unlock_row_content=&#8221;yes&#8221; row_height_percent=&#8221;0&#8243; overlay_alpha=&#8221;50&#8243; gutter_size=&#8221;3&#8243; column_width_percent=&#8221;100&#8243; shift_y=&#8221;0&#8243; z_index=&#8221;0&#8243; el_class=&#8221;column-swap&#8221;][vc_column column_width_percent=&#8221;100&#8243; overlay_alpha=&#8221;50&#8243; gutter_size=&#8221;3&#8243; medium_visibility=&#8221;yes&#8221; medium_width=&#8221;0&#8243; mobile_visibility=&#8221;yes&#8221; mobile_width=&#8221;0&#8243; shift_x=&#8221;0&#8243; shift_y=&#8221;0&#8243; shift_y_down=&#8221;0&#8243; z_index=&#8221;0&#8243; width=&#8221;2\/3&#8243;][vc_gallery el_id=&#8221;gallery-120972&#8243; type=&#8221;justified&#8221; medias=&#8221;155,156,157,158,159&#8243; justify_row_height=&#8221;350&#8243; gutter_size=&#8221;3&#8243; single_overlay_opacity=&#8221;50&#8243; single_padding=&#8221;2&#8243;][\/vc_column][vc_column column_width_percent=&#8221;100&#8243; style=&#8221;light&#8221; overlay_alpha=&#8221;50&#8243; gutter_size=&#8221;3&#8243; medium_width=&#8221;7&#8243; mobile_width=&#8221;0&#8243; shift_x=&#8221;0&#8243; shift_y=&#8221;0&#8243; shift_y_down=&#8221;0&#8243; z_index=&#8221;0&#8243; width=&#8221;1\/3&#8243;][vc_custom_heading heading_semantic=&#8221;h1&#8243; text_size=&#8221;h3&#8243; text_weight=&#8221;400&#8243; text_transform=&#8221;uppercase&#8221; text_color=&#8221;color-166408&#8243;]CLOS BRUN MAZEYRES,<br \/>\nPomerol[\/vc_custom_heading][vc_column_text el_class=&#8221;patchwork-page&#8221;]<img loading=\"lazy\" decoding=\"async\" class=\"size-full wp-image-256 alignnone\" src=\"https:\/\/www.maison-vedrenne.com\/wp-content\/uploads\/2018\/11\/brun-mazeyres-mobile.jpg\" alt=\"Clos Brun Mazeyres\" width=\"1121\" height=\"959\" srcset=\"https:\/\/www.maison-vedrenne.com\/wp-content\/uploads\/2018\/11\/brun-mazeyres-mobile.jpg 1121w, https:\/\/www.maison-vedrenne.com\/wp-content\/uploads\/2018\/11\/brun-mazeyres-mobile-300x257.jpg 300w, https:\/\/www.maison-vedrenne.com\/wp-content\/uploads\/2018\/11\/brun-mazeyres-mobile-768x657.jpg 768w, https:\/\/www.maison-vedrenne.com\/wp-content\/uploads\/2018\/11\/brun-mazeyres-mobile-1024x876.jpg 1024w\" sizes=\"auto, (max-width: 1121px) 100vw, 1121px\" \/>[\/vc_column_text][vc_column_text el_class=&#8221;satellite&#8221;]<\/p>\n<p>In 1906, Jean and Firmin Vedrenne left their native Corr\u00e8ze to follow in the footsteps of their older brother, L\u00e9onard, by working together to sell wine, especially in the north of France and in Wallonia (Belgium). Succeeding in their endeavours, they named their business &#8220;Vedrenne Fr\u00e8res, n\u00e9gociants-voyageurs&#8221; and purchased Clos Brun Mazeyres in Pomerol in 1924. Ren\u00e9 Vedrenne took over the n\u00e9gociant firm, which he transformed into one of the largest in Libourne, and restructured the vineyard at Clos Brun Mazeyres, which he continues to manage today.<\/p>\n<p>The average age of the vines is over 30 years old. The vineyard consists of two plots of less than one hectare each. This enables the vines to be looked after with special care and attention. The sandy-gravel soil on Pomerol&#8217;s lower terrace features a subsoil rich in crasse de fer (ironpan) that makes Clos Brun Mazeyres both smooth and vigorous.<\/p>\n<p><span style=\"color: rgb(30, 30, 30);\" data-mce-style=\"color: #1e1e1e;\"><strong>Soil<\/strong><\/span><br \/>Sand, gravel, and crasse de fer (ironpan)<\/p>\n<p><span style=\"color: rgb(30, 30, 30);\" data-mce-style=\"color: #1e1e1e;\"><strong>Grape varieties<\/strong><\/span><br \/>85% Merlot &#8211; 15% Cabernet Franc &#8211; vines an average age of 35 years<\/p>\n<p><span style=\"color: rgb(30, 30, 30);\" data-mce-style=\"color: #1e1e1e;\"><strong>Harvest<\/strong><\/span><br \/>Hand picking<\/p>\n<p><span style=\"color: rgb(30, 30, 30);\" data-mce-style=\"color: #1e1e1e;\"><strong>Winemaking<\/strong><\/span><br \/>Fermentation in temperature-controlled vats<\/p>\n<p><span style=\"color: rgb(30, 30, 30);\" data-mce-style=\"color: #1e1e1e;\"><strong>Ageing<\/strong><\/span><br \/>Partially in barrel<\/p>\n<p><span style=\"color: rgb(30, 30, 30);\" data-mce-style=\"color: #1e1e1e;\"><strong>Bottling<\/strong><\/span><br \/>At the Ch\u00e2teau&nbsp; Area under vine: 1.5 Hectares<\/p>\n<p><span style=\"color: rgb(30, 30, 30);\" data-mce-style=\"color: #1e1e1e;\"><strong>Owners<\/strong><\/span><br \/>The Vedrenne family<\/p>\n<p>[\/vc_column_text][\/vc_column][\/vc_row]<\/p>\n","protected":false},"excerpt":{"rendered":"<p>[vc_row unlock_row_content=&#8221;yes&#8221; row_height_percent=&#8221;0&#8243; overlay_alpha=&#8221;50&#8243; gutter_size=&#8221;3&#8243; column_width_percent=&#8221;100&#8243; shift_y=&#8221;0&#8243; z_index=&#8221;0&#8243; el_class=&#8221;column-swap&#8221;][vc_column column_width_percent=&#8221;100&#8243; overlay_alpha=&#8221;50&#8243; gutter_size=&#8221;3&#8243; medium_visibility=&#8221;yes&#8221; medium_width=&#8221;0&#8243; mobile_visibility=&#8221;yes&#8221; mobile_width=&#8221;0&#8243; shift_x=&#8221;0&#8243; shift_y=&#8221;0&#8243; shift_y_down=&#8221;0&#8243; z_index=&#8221;0&#8243; [&hellip;]<\/p>\n","protected":false},"author":1,"featured_media":0,"parent":0,"menu_order":2,"comment_status":"closed","ping_status":"closed","template":"","meta":{"footnotes":""},"class_list":["post-289","page","type-page","status-publish","hentry"],"_links":{"self":[{"href":"https:\/\/www.maison-vedrenne.com\/en\/wp-json\/wp\/v2\/pages\/289\/"}],"collection":[{"href":"https:\/\/www.maison-vedrenne.com\/en\/wp-json\/wp\/v2\/pages\/"}],"about":[{"href":"https:\/\/www.maison-vedrenne.com\/en\/wp-json\/wp\/v2\/types\/page\/"}],"author":[{"embeddable":true,"href":"https:\/\/www.maison-vedrenne.com\/en\/wp-json\/wp\/v2\/users\/1\/"}],"replies":[{"embeddable":true,"href":"https:\/\/www.maison-vedrenne.com\/en\/wp-json\/wp\/v2\/comments\/?post=289"}],"version-history":[{"count":4,"href":"https:\/\/www.maison-vedrenne.com\/en\/wp-json\/wp\/v2\/pages\/289\/revisions\/"}],"predecessor-version":[{"id":562,"href":"https:\/\/www.maison-vedrenne.com\/en\/wp-json\/wp\/v2\/pages\/289\/revisions\/562\/"}],"wp:attachment":[{"href":"https:\/\/www.maison-vedrenne.com\/en\/wp-json\/wp\/v2\/media\/?parent=289"}],"curies":[{"name":"wp","href":"https:\/\/api.w.org\/{rel}","templated":true}]}}