{"id":380,"date":"2018-11-11T23:10:57","date_gmt":"2018-11-11T22:10:57","guid":{"rendered":"https:\/\/www.maison-vedrenne.com\/mas-orluc-couson\/"},"modified":"2018-11-13T14:12:03","modified_gmt":"2018-11-13T13:12:03","slug":"mas-orluc-couson","status":"publish","type":"page","link":"https:\/\/www.maison-vedrenne.com\/de\/mas-orluc-couson\/","title":{"rendered":"Mas-Orluc &#038; Couson"},"content":{"rendered":"<p>[vc_row unlock_row_content=&#8220;yes&#8220; row_height_percent=&#8220;0&#8243; overlay_alpha=&#8220;50&#8243; gutter_size=&#8220;3&#8243; column_width_percent=&#8220;100&#8243; shift_y=&#8220;0&#8243; z_index=&#8220;0&#8243; el_class=&#8220;column-swap&#8220;][vc_column column_width_percent=&#8220;100&#8243; overlay_alpha=&#8220;50&#8243; gutter_size=&#8220;3&#8243; medium_visibility=&#8220;yes&#8220; medium_width=&#8220;0&#8243; mobile_visibility=&#8220;yes&#8220; mobile_width=&#8220;0&#8243; shift_x=&#8220;0&#8243; shift_y=&#8220;0&#8243; shift_y_down=&#8220;0&#8243; z_index=&#8220;0&#8243; width=&#8220;1\/2&#8243;][vc_gallery el_id=&#8220;gallery-120972&#8243; type=&#8220;justified&#8220; medias=&#8220;175,174,177&#8243; justify_row_height=&#8220;250&#8243; gutter_size=&#8220;3&#8243; single_overlay_opacity=&#8220;50&#8243; single_padding=&#8220;2&#8243;][\/vc_column][vc_column column_width_percent=&#8220;100&#8243; style=&#8220;light&#8220; overlay_alpha=&#8220;50&#8243; gutter_size=&#8220;3&#8243; medium_width=&#8220;7&#8243; mobile_width=&#8220;0&#8243; shift_x=&#8220;0&#8243; shift_y=&#8220;0&#8243; shift_y_down=&#8220;0&#8243; z_index=&#8220;0&#8243; width=&#8220;1\/2&#8243;][vc_custom_heading heading_semantic=&#8220;h1&#8243; text_size=&#8220;h3&#8243; text_weight=&#8220;400&#8243; text_transform=&#8220;uppercase&#8220; text_color=&#8220;color-166408&#8243;]Mas-Orluc &amp; Couson[\/vc_custom_heading][vc_column_text el_class=&#8220;patchwork-page&#8220;]<img loading=\"lazy\" decoding=\"async\" class=\"size-full wp-image-261 alignnone\" src=\"https:\/\/www.maison-vedrenne.com\/wp-content\/uploads\/2018\/11\/mas-orluc-couson-mobile.jpg\" alt=\"mas orluc couson\" width=\"1064\" height=\"887\" srcset=\"https:\/\/www.maison-vedrenne.com\/wp-content\/uploads\/2018\/11\/mas-orluc-couson-mobile.jpg 1064w, https:\/\/www.maison-vedrenne.com\/wp-content\/uploads\/2018\/11\/mas-orluc-couson-mobile-300x250.jpg 300w, https:\/\/www.maison-vedrenne.com\/wp-content\/uploads\/2018\/11\/mas-orluc-couson-mobile-768x640.jpg 768w, https:\/\/www.maison-vedrenne.com\/wp-content\/uploads\/2018\/11\/mas-orluc-couson-mobile-1024x854.jpg 1024w\" sizes=\"auto, (max-width: 1064px) 100vw, 1064px\" \/>[\/vc_column_text][vc_column_text el_class=&#8220;satellite&#8220;]Von den drei Br\u00fcdern Vedrenne aus der Gemeinde Le Jardin in der Corr\u00e8ze, die um die Jahrhundertwende Weinh\u00e4ndler wurden, war L\u00e9onard der \u00e4lteste. Er \u00fcbertrug seinen Kundenstamm auf seinen Schwiegersohn Jules <strong>MAS<\/strong>.<\/p>\n<p>Um sich von seinem Zwillingsbruder Joannet zu unterscheiden, brachte sein Bruder Firmin den Namen seiner Frau <strong>ORLUC <\/strong>mit seinem Gesch\u00e4ft in Verbindung.<\/p>\n<p>Ihr Neffe Ren\u00e9 \u00fcbernahm die jeweiligen Kunden sowie die seines Vaters und baute sie insbesondere in den Regionen Bretagne und Normandie unter der Marke <strong>MAS-ORLUC &amp; COUSON<\/strong> aus.<\/p>\n<p>Seitdem hat sich dieses Vertriebsnetz kontinuierlich weiterentwickelt und angepasst, w\u00e4hrend es seinem urspr\u00fcnglichen Gesch\u00e4ft treu geblieben ist:<\/p>\n<p>Der Verkauf an Privatpersonen, denen eine Reihe von sorgf\u00e4ltig ausgew\u00e4hlten Weinen angeboten wird, erfolgt im Rahmen von Verkostungen im Haus des Kunden oder auf Messen im ganzen Land. F\u00fcr jeden Wein, der aus unseren Kellereien in Libourne versandt wird, erfolgt daher eine Pr\u00e4sentierung und pers\u00f6nliche Beratung durch unsere Verkaufsvertreter.[\/vc_column_text][\/vc_column][\/vc_row]<\/p>\n","protected":false},"excerpt":{"rendered":"<p>[vc_row unlock_row_content=&#8220;yes&#8220; row_height_percent=&#8220;0&#8243; overlay_alpha=&#8220;50&#8243; gutter_size=&#8220;3&#8243; column_width_percent=&#8220;100&#8243; shift_y=&#8220;0&#8243; z_index=&#8220;0&#8243; el_class=&#8220;column-swap&#8220;][vc_column column_width_percent=&#8220;100&#8243; overlay_alpha=&#8220;50&#8243; gutter_size=&#8220;3&#8243; medium_visibility=&#8220;yes&#8220; medium_width=&#8220;0&#8243; mobile_visibility=&#8220;yes&#8220; mobile_width=&#8220;0&#8243; shift_x=&#8220;0&#8243; shift_y=&#8220;0&#8243; shift_y_down=&#8220;0&#8243; z_index=&#8220;0&#8243; [&hellip;]<\/p>\n","protected":false},"author":1,"featured_media":0,"parent":0,"menu_order":5,"comment_status":"closed","ping_status":"closed","template":"","meta":{"footnotes":""},"class_list":["post-380","page","type-page","status-publish","hentry"],"_links":{"self":[{"href":"https:\/\/www.maison-vedrenne.com\/de\/wp-json\/wp\/v2\/pages\/380\/"}],"collection":[{"href":"https:\/\/www.maison-vedrenne.com\/de\/wp-json\/wp\/v2\/pages\/"}],"about":[{"href":"https:\/\/www.maison-vedrenne.com\/de\/wp-json\/wp\/v2\/types\/page\/"}],"author":[{"embeddable":true,"href":"https:\/\/www.maison-vedrenne.com\/de\/wp-json\/wp\/v2\/users\/1\/"}],"replies":[{"embeddable":true,"href":"https:\/\/www.maison-vedrenne.com\/de\/wp-json\/wp\/v2\/comments\/?post=380"}],"version-history":[{"count":2,"href":"https:\/\/www.maison-vedrenne.com\/de\/wp-json\/wp\/v2\/pages\/380\/revisions\/"}],"predecessor-version":[{"id":519,"href":"https:\/\/www.maison-vedrenne.com\/de\/wp-json\/wp\/v2\/pages\/380\/revisions\/519\/"}],"wp:attachment":[{"href":"https:\/\/www.maison-vedrenne.com\/de\/wp-json\/wp\/v2\/media\/?parent=380"}],"curies":[{"name":"wp","href":"https:\/\/api.w.org\/{rel}","templated":true}]}}