{"id":378,"date":"2018-11-11T23:09:48","date_gmt":"2018-11-11T22:09:48","guid":{"rendered":"https:\/\/www.maison-vedrenne.com\/maison-querre\/"},"modified":"2018-11-13T14:12:15","modified_gmt":"2018-11-13T13:12:15","slug":"maison-querre","status":"publish","type":"page","link":"https:\/\/www.maison-vedrenne.com\/de\/maison-querre\/","title":{"rendered":"Maison Querre"},"content":{"rendered":"<p>[vc_row unlock_row_content=&#8220;yes&#8220; row_height_percent=&#8220;0&#8243; overlay_alpha=&#8220;50&#8243; gutter_size=&#8220;3&#8243; column_width_percent=&#8220;100&#8243; shift_y=&#8220;0&#8243; z_index=&#8220;0&#8243; el_class=&#8220;column-swap&#8220;][vc_column column_width_percent=&#8220;100&#8243; overlay_alpha=&#8220;50&#8243; gutter_size=&#8220;3&#8243; medium_visibility=&#8220;yes&#8220; medium_width=&#8220;0&#8243; mobile_visibility=&#8220;yes&#8220; mobile_width=&#8220;0&#8243; shift_x=&#8220;0&#8243; shift_y=&#8220;0&#8243; shift_y_down=&#8220;0&#8243; z_index=&#8220;0&#8243; width=&#8220;1\/2&#8243;][vc_gallery el_id=&#8220;gallery-120972&#8243; type=&#8220;justified&#8220; medias=&#8220;163,164,165,166,167,168&#8243; justify_row_height=&#8220;250&#8243; gutter_size=&#8220;3&#8243; single_overlay_opacity=&#8220;50&#8243; single_padding=&#8220;2&#8243;][\/vc_column][vc_column column_width_percent=&#8220;100&#8243; style=&#8220;light&#8220; overlay_alpha=&#8220;50&#8243; gutter_size=&#8220;3&#8243; medium_width=&#8220;7&#8243; mobile_width=&#8220;0&#8243; shift_x=&#8220;0&#8243; shift_y=&#8220;0&#8243; shift_y_down=&#8220;0&#8243; z_index=&#8220;0&#8243; width=&#8220;1\/2&#8243;][vc_custom_heading heading_semantic=&#8220;h1&#8243; text_size=&#8220;h3&#8243; text_weight=&#8220;400&#8243; text_transform=&#8220;uppercase&#8220; text_color=&#8220;color-166408&#8243;]Maison Querre[\/vc_custom_heading][vc_column_text el_class=&#8220;patchwork-page&#8220;]<img loading=\"lazy\" decoding=\"async\" class=\"size-full wp-image-259 alignnone\" src=\"https:\/\/www.maison-vedrenne.com\/wp-content\/uploads\/2018\/11\/maison-querre-mobile.jpg\" alt=\"Maison Querre\" width=\"1331\" height=\"773\" srcset=\"https:\/\/www.maison-vedrenne.com\/wp-content\/uploads\/2018\/11\/maison-querre-mobile.jpg 1331w, https:\/\/www.maison-vedrenne.com\/wp-content\/uploads\/2018\/11\/maison-querre-mobile-300x174.jpg 300w, https:\/\/www.maison-vedrenne.com\/wp-content\/uploads\/2018\/11\/maison-querre-mobile-768x446.jpg 768w, https:\/\/www.maison-vedrenne.com\/wp-content\/uploads\/2018\/11\/maison-querre-mobile-1024x595.jpg 1024w\" sizes=\"auto, (max-width: 1331px) 100vw, 1331px\" \/>[\/vc_column_text][vc_column_text el_class=&#8220;satellite&#8220;]<span style=\"color: #1e1e1e;\">Ein 1897 gegr\u00fcndetes Unternehmen, das sich st\u00e4ndig an die Marktentwicklung angepasst hat, um seine Expansion zu sichern und zu einem der wichtigsten Akteure im Vertrieb von gro\u00dfen Bordeaux-Weinen an Restaurants und Weinh\u00e4ndler zu werden.<\/span><\/p>\n<p><strong>1897:<\/strong> Th\u00e9ophile Querre gr\u00fcndet sein eigenes Handelshaus.<\/p>\n<p><strong>1909:<\/strong> Er erwirbt sein erstes Weingut in Pomerol: Ch\u00e2teau Mazeyres. Seine S\u00f6hne Daniel (1906 \u2013 1973) und Christian (1909-1973) \u00fcbernehmen die Leitung des Familienunternehmens<\/p>\n<p><strong>1957:<\/strong> Daniel und Christian Querre beschlie\u00dfen, jeweils ihr eigenes individuelles Handelsgesch\u00e4ft zu gr\u00fcnden und damit eine doppelte Dynamik zu schaffen, die wirkungsvoll zum Ansehen der Marke und des Namens QUERRE in Frankreich und im Ausland beitr\u00e4gt.<\/p>\n<p><strong>1973:<\/strong> Ihre \u00e4ltesten S\u00f6hne, Alain und Michel, \u00fcbernehmen die Leitung ihrer jeweiligen Gesch\u00e4fte.<\/p>\n<p><strong>1995<\/strong>: In dem Bestreben, ihr Wachstum besser zu kontrollieren und ihre Marktposition zu st\u00e4rken, beschlie\u00dfen die beiden Unternehmen, sich zu einem einzigen Haus QUERRE unter der Leitung von Michel Querre zusammenzuschlie\u00dfen.<\/p>\n<p><strong>2007:<\/strong> Nach mehr als 30 Jahren an der Spitze seiner Handelsgesellschaft entscheidet Michel Querre, sich zur\u00fcckzuziehen und seine Vertriebs- und Verwaltungsteams an das Haus Vedrenne in Libourne abzutreten. Auf diese Weise sichert er den Fortbestand des Vertriebs der Erzeugnisse aus den Weing\u00fctern der Familie Querre und der Crus der Handelspartnerschaft. Er versteht es, f\u00fcr die Kunden des Hauses Querre zur Verf\u00fcgung zu stehen und Verkostungen der Crus durchzuf\u00fchren, die er weiterhin mit viel Hingabe produziert: Le Moulin, Ch\u00e2teau Patris und Ch\u00e2teau Brun Despagne.<\/p>\n<p><span style=\"color: #1e1e1e;\">Eine moderne und reaktionsschnelle Verwaltungs- und Gesch\u00e4ftsstruktur, die auf Kundenzufriedenheit ausgerichtet ist.<\/span><\/p>\n<p>Gest\u00fctzt auf eine effiziente Logistik- und Verwaltungsstruktur mit einem starken Image, gro\u00dfer Bekanntheit und solidem Know-how als bevorzugter Lieferant des Gastst\u00e4ttengewerbes erh\u00e4lt das Haus Querre damit neue Impulse.<\/p>\n<p>St\u00e4ndige Suche nach dem besten Preis-Leistungs-Verh\u00e4ltnis bei seiner Auswahl, permanente Verf\u00fcgbarkeit im Dienste seiner Kunden und Vertreter: dies sind die Hauptmerkmale, die es dem Unternehmen erm\u00f6glicht haben, zum f\u00fchrenden Lieferanten der gro\u00dfen franz\u00f6sischen und europ\u00e4ischen Gastronomie zu werden.<\/p>\n<p>Zwanzig sorgf\u00e4ltig ausgew\u00e4hlte Ch\u00e2teaux werden den Kunden exklusiv angeboten, in Verbindung mit einer erg\u00e4nzenden Auswahl an sorgf\u00e4ltig ausgesuchten Ch\u00e2teaux und einer gro\u00dfen Palette an Grands Crus Class\u00e9s, die als Primeur gekauft, von uns transportiert und unter optimalen Bedingungen gelagert werden.<\/p>\n<p>Mit einem Team von 25 Vertretern f\u00fcr den franz\u00f6sischen Markt verfolgt das Haus Querre, das inzwischen sein hundertj\u00e4hriges Bestehen mit W\u00fcrde gefeiert hat, seine stetige Expansion durch kluges Management und eine auf engen Beziehungen zur Produktionswelt basierende Beschaffungspolitik.[\/vc_column_text][\/vc_column][\/vc_row]<\/p>\n","protected":false},"excerpt":{"rendered":"<p>[vc_row unlock_row_content=&#8220;yes&#8220; row_height_percent=&#8220;0&#8243; overlay_alpha=&#8220;50&#8243; gutter_size=&#8220;3&#8243; column_width_percent=&#8220;100&#8243; shift_y=&#8220;0&#8243; z_index=&#8220;0&#8243; el_class=&#8220;column-swap&#8220;][vc_column column_width_percent=&#8220;100&#8243; overlay_alpha=&#8220;50&#8243; gutter_size=&#8220;3&#8243; medium_visibility=&#8220;yes&#8220; medium_width=&#8220;0&#8243; mobile_visibility=&#8220;yes&#8220; mobile_width=&#8220;0&#8243; shift_x=&#8220;0&#8243; shift_y=&#8220;0&#8243; shift_y_down=&#8220;0&#8243; z_index=&#8220;0&#8243; [&hellip;]<\/p>\n","protected":false},"author":1,"featured_media":0,"parent":0,"menu_order":4,"comment_status":"closed","ping_status":"closed","template":"","meta":{"footnotes":""},"class_list":["post-378","page","type-page","status-publish","hentry"],"_links":{"self":[{"href":"https:\/\/www.maison-vedrenne.com\/de\/wp-json\/wp\/v2\/pages\/378\/"}],"collection":[{"href":"https:\/\/www.maison-vedrenne.com\/de\/wp-json\/wp\/v2\/pages\/"}],"about":[{"href":"https:\/\/www.maison-vedrenne.com\/de\/wp-json\/wp\/v2\/types\/page\/"}],"author":[{"embeddable":true,"href":"https:\/\/www.maison-vedrenne.com\/de\/wp-json\/wp\/v2\/users\/1\/"}],"replies":[{"embeddable":true,"href":"https:\/\/www.maison-vedrenne.com\/de\/wp-json\/wp\/v2\/comments\/?post=378"}],"version-history":[{"count":2,"href":"https:\/\/www.maison-vedrenne.com\/de\/wp-json\/wp\/v2\/pages\/378\/revisions\/"}],"predecessor-version":[{"id":520,"href":"https:\/\/www.maison-vedrenne.com\/de\/wp-json\/wp\/v2\/pages\/378\/revisions\/520\/"}],"wp:attachment":[{"href":"https:\/\/www.maison-vedrenne.com\/de\/wp-json\/wp\/v2\/media\/?parent=378"}],"curies":[{"name":"wp","href":"https:\/\/api.w.org\/{rel}","templated":true}]}}